{"id":90,"date":"2026-03-28T21:50:07","date_gmt":"2026-03-28T20:50:07","guid":{"rendered":"http:\/\/latroupedepoche.fr\/?page_id=90"},"modified":"2026-03-28T21:50:20","modified_gmt":"2026-03-28T20:50:20","slug":"prochaines-representations","status":"publish","type":"page","link":"https:\/\/latroupedepoche.fr\/?page_id=90","title":{"rendered":"Futures"},"content":{"rendered":"\n<h4 class=\"wp-block-heading has-text-align-left\"><span style=\"text-decoration: underline;\"><span style=\"color: #008000; text-decoration: underline;\">spectacle actuel<\/span><\/span> :<br>L&rsquo;Homme et le P\u00eacheur<br><\/h4>\n\n\n\n<figure class=\"wp-block-image size-large is-resized\"><img loading=\"lazy\" decoding=\"async\" width=\"732\" height=\"1024\" src=\"https:\/\/latroupedepoche.fr\/wordpress\/wp-content\/uploads\/2026\/03\/Homme-et-Pecheur-affiche-4-sans-logo-732x1024.jpg\" alt=\"\" class=\"wp-image-833\" style=\"aspect-ratio:0.7148376399482307;width:251px;height:auto\" srcset=\"https:\/\/latroupedepoche.fr\/wordpress\/wp-content\/uploads\/2026\/03\/Homme-et-Pecheur-affiche-4-sans-logo-732x1024.jpg 732w, https:\/\/latroupedepoche.fr\/wordpress\/wp-content\/uploads\/2026\/03\/Homme-et-Pecheur-affiche-4-sans-logo-214x300.jpg 214w, https:\/\/latroupedepoche.fr\/wordpress\/wp-content\/uploads\/2026\/03\/Homme-et-Pecheur-affiche-4-sans-logo-768x1075.jpg 768w, https:\/\/latroupedepoche.fr\/wordpress\/wp-content\/uploads\/2026\/03\/Homme-et-Pecheur-affiche-4-sans-logo-1097x1536.jpg 1097w, https:\/\/latroupedepoche.fr\/wordpress\/wp-content\/uploads\/2026\/03\/Homme-et-Pecheur-affiche-4-sans-logo-1463x2048.jpg 1463w, https:\/\/latroupedepoche.fr\/wordpress\/wp-content\/uploads\/2026\/03\/Homme-et-Pecheur-affiche-4-sans-logo-750x1050.jpg 750w, https:\/\/latroupedepoche.fr\/wordpress\/wp-content\/uploads\/2026\/03\/Homme-et-Pecheur-affiche-4-sans-logo.jpg 1701w\" sizes=\"auto, (max-width: 732px) 100vw, 732px\" \/><\/figure>\n\n\n\n<p><strong>Salle Nicolas Peskine Blois<br>vendredi 17 samedi 18 avril 20h30<br>dimanche 19 avril 15h0<\/strong><\/p>\n\n\n\n<p><strong>Le Carroir (La Chauss\u00e9e St Victor)<\/strong><br><strong>samedi 25 avril 20h30 dimanche 26 15h00<\/strong><\/p>\n\n\n\n<p><strong>Salle J Claude Deret (St Gervais la For\u00eat)<br>jeudi 21 et vendredi 22 mai 20h30<\/strong><\/p>\n\n\n\n<h4 class=\"wp-block-heading has-text-align-left\">R\u00e9servations<br>t\u00e9l ou sms : 06 85 52 16 34<br>mail : latroupedepoche@free.fr<\/h4>\n\n\n\n<h4 class=\"wp-block-heading has-text-align-left\">Tarifs :10\u20ac&nbsp;&nbsp;&nbsp;&nbsp; r\u00e9duits : 5\u20ac &nbsp; &lt;12ans : gratuit<\/h4>\n\n\n\n<p><\/p>\n","protected":false},"excerpt":{"rendered":"<p>spectacle actuel :L&rsquo;Homme et le P\u00eacheur Salle Nicolas Peskine Bloisvendredi 17 samedi 18 avril 20h30dimanche 19 avril 15h0 Le Carroir (La Chauss\u00e9e St Victor)samedi 25 avril 20h30 dimanche 26 15h00 Salle J Claude Deret (St Gervais la For\u00eat)jeudi 21 et vendredi 22 mai 20h30 R\u00e9servationst\u00e9l ou sms : 06 85 52 16 34mail : latroupedepoche@free.fr &hellip; <\/p>\n<p><a class=\"more-link btn\" href=\"https:\/\/latroupedepoche.fr\/?page_id=90\">Lire la suite<\/a><\/p>\n","protected":false},"author":3,"featured_media":0,"parent":263,"menu_order":0,"comment_status":"closed","ping_status":"closed","template":"","meta":{"footnotes":""},"class_list":["post-90","page","type-page","status-publish","hentry","nodate","item-wrap"],"_links":{"self":[{"href":"https:\/\/latroupedepoche.fr\/index.php?rest_route=\/wp\/v2\/pages\/90","targetHints":{"allow":["GET"]}}],"collection":[{"href":"https:\/\/latroupedepoche.fr\/index.php?rest_route=\/wp\/v2\/pages"}],"about":[{"href":"https:\/\/latroupedepoche.fr\/index.php?rest_route=\/wp\/v2\/types\/page"}],"author":[{"embeddable":true,"href":"https:\/\/latroupedepoche.fr\/index.php?rest_route=\/wp\/v2\/users\/3"}],"replies":[{"embeddable":true,"href":"https:\/\/latroupedepoche.fr\/index.php?rest_route=%2Fwp%2Fv2%2Fcomments&post=90"}],"version-history":[{"count":132,"href":"https:\/\/latroupedepoche.fr\/index.php?rest_route=\/wp\/v2\/pages\/90\/revisions"}],"predecessor-version":[{"id":840,"href":"https:\/\/latroupedepoche.fr\/index.php?rest_route=\/wp\/v2\/pages\/90\/revisions\/840"}],"up":[{"embeddable":true,"href":"https:\/\/latroupedepoche.fr\/index.php?rest_route=\/wp\/v2\/pages\/263"}],"wp:attachment":[{"href":"https:\/\/latroupedepoche.fr\/index.php?rest_route=%2Fwp%2Fv2%2Fmedia&parent=90"}],"curies":[{"name":"wp","href":"https:\/\/api.w.org\/{rel}","templated":true}]}}