{"id":183,"date":"2026-03-28T21:51:30","date_gmt":"2026-03-28T20:51:30","guid":{"rendered":"http:\/\/latroupedepoche.fr\/?page_id=183"},"modified":"2026-03-28T21:50:50","modified_gmt":"2026-03-28T20:50:50","slug":"183-2","status":"publish","type":"page","link":"https:\/\/latroupedepoche.fr\/?page_id=183","title":{"rendered":"Pass\u00e9es"},"content":{"rendered":"\n<h2 class=\"wp-block-heading\"><strong>\u00ab\u00a0Bienvenue au Bel Automne\u00a0\u00bb<\/strong><\/h2>\n\n\n\n<figure class=\"wp-block-image size-full is-resized\"><img loading=\"lazy\" decoding=\"async\" width=\"397\" height=\"566\" src=\"https:\/\/latroupedepoche.fr\/wordpress\/wp-content\/uploads\/2024\/11\/image.png\" alt=\"\" class=\"wp-image-813\" style=\"aspect-ratio:0.7014203800067871;width:210px;height:auto\" srcset=\"https:\/\/latroupedepoche.fr\/wordpress\/wp-content\/uploads\/2024\/11\/image.png 397w, https:\/\/latroupedepoche.fr\/wordpress\/wp-content\/uploads\/2024\/11\/image-210x300.png 210w\" sizes=\"auto, (max-width: 397px) 100vw, 397px\" \/><\/figure>\n\n\n\n<ul class=\"wp-block-list\">\n<li>Carroir de La chauss\u00e9e St Victor (41) x 3<\/li>\n\n\n\n<li>Th\u00e9\u00e2tre Nicolas Peskine (41) x 2<\/li>\n<\/ul>\n\n\n\n<h2 class=\"wp-block-heading\"><strong>\u00ab\u00a0Cuisine et D\u00e9pendances\u00a0\u00bb<\/strong><\/h2>\n\n\n\n<figure class=\"wp-block-image size-large is-resized\"><img loading=\"lazy\" decoding=\"async\" width=\"717\" height=\"1024\" src=\"https:\/\/latroupedepoche.fr\/wordpress\/wp-content\/uploads\/2020\/01\/affiche-9-717x1024.jpg\" alt=\"\" class=\"wp-image-756\" style=\"width:207px;height:296px\" srcset=\"https:\/\/latroupedepoche.fr\/wordpress\/wp-content\/uploads\/2020\/01\/affiche-9-717x1024.jpg 717w, https:\/\/latroupedepoche.fr\/wordpress\/wp-content\/uploads\/2020\/01\/affiche-9-210x300.jpg 210w, https:\/\/latroupedepoche.fr\/wordpress\/wp-content\/uploads\/2020\/01\/affiche-9-768x1097.jpg 768w, https:\/\/latroupedepoche.fr\/wordpress\/wp-content\/uploads\/2020\/01\/affiche-9-1075x1536.jpg 1075w, https:\/\/latroupedepoche.fr\/wordpress\/wp-content\/uploads\/2020\/01\/affiche-9-1433x2048.jpg 1433w, https:\/\/latroupedepoche.fr\/wordpress\/wp-content\/uploads\/2020\/01\/affiche-9-750x1072.jpg 750w, https:\/\/latroupedepoche.fr\/wordpress\/wp-content\/uploads\/2020\/01\/affiche-9-scaled.jpg 1792w\" sizes=\"auto, (max-width: 717px) 100vw, 717px\" \/><\/figure>\n\n\n\n<ul class=\"wp-block-list\">\n<li>St Aignan sur Cher (41)<\/li>\n\n\n\n<li>Carroir de La chauss\u00e9e St Victor (41)<\/li>\n\n\n\n<li>Th\u00e9\u00e2tre Nicolas Peskine (41) x 2<\/li>\n\n\n\n<li>St Gervais la For\u00eat (41) x 2\n<ul class=\"wp-block-list\">\n<li><\/li>\n<\/ul>\n<\/li>\n<\/ul>\n\n\n\n<h2 class=\"wp-block-heading\"><strong>\u00ab\u00a0Au Bon Vivant\u00a0\u00bb<\/strong><\/h2>\n\n\n\n<figure class=\"wp-block-image size-large is-resized\"><img loading=\"lazy\" decoding=\"async\" width=\"724\" height=\"1024\" src=\"https:\/\/latroupedepoche.fr\/wordpress\/wp-content\/uploads\/2020\/10\/affiche-40-60-724x1024.jpg\" alt=\"\" class=\"wp-image-674\" style=\"width:217px;height:308px\" srcset=\"https:\/\/latroupedepoche.fr\/wordpress\/wp-content\/uploads\/2020\/10\/affiche-40-60-724x1024.jpg 724w, https:\/\/latroupedepoche.fr\/wordpress\/wp-content\/uploads\/2020\/10\/affiche-40-60-212x300.jpg 212w, https:\/\/latroupedepoche.fr\/wordpress\/wp-content\/uploads\/2020\/10\/affiche-40-60-768x1086.jpg 768w, https:\/\/latroupedepoche.fr\/wordpress\/wp-content\/uploads\/2020\/10\/affiche-40-60-1086x1536.jpg 1086w, https:\/\/latroupedepoche.fr\/wordpress\/wp-content\/uploads\/2020\/10\/affiche-40-60-1448x2048.jpg 1448w, https:\/\/latroupedepoche.fr\/wordpress\/wp-content\/uploads\/2020\/10\/affiche-40-60-750x1061.jpg 750w, https:\/\/latroupedepoche.fr\/wordpress\/wp-content\/uploads\/2020\/10\/affiche-40-60-scaled.jpg 1810w\" sizes=\"auto, (max-width: 724px) 100vw, 724px\" \/><\/figure>\n\n\n\n<ul class=\"wp-block-list\">\n<li>St Gervais la For\u00eat (41)<\/li>\n\n\n\n<li>Carroir de La chauss\u00e9e St Victor (41)<\/li>\n<\/ul>\n\n\n\n<h2 class=\"wp-block-heading\"><strong>\u00ab\u00a0Les amis du Placard\u00a0\u00bb<\/strong><\/h2>\n\n\n\n<figure class=\"wp-block-image size-large is-resized\"><img loading=\"lazy\" decoding=\"async\" width=\"724\" height=\"1024\" src=\"https:\/\/latroupedepoche.fr\/wordpress\/wp-content\/uploads\/2020\/01\/Affiche-Voeux-724x1024.jpg\" alt=\"\" class=\"wp-image-656\" style=\"width:206px;height:291px\" srcset=\"https:\/\/latroupedepoche.fr\/wordpress\/wp-content\/uploads\/2020\/01\/Affiche-Voeux-724x1024.jpg 724w, https:\/\/latroupedepoche.fr\/wordpress\/wp-content\/uploads\/2020\/01\/Affiche-Voeux-212x300.jpg 212w, https:\/\/latroupedepoche.fr\/wordpress\/wp-content\/uploads\/2020\/01\/Affiche-Voeux-768x1086.jpg 768w, https:\/\/latroupedepoche.fr\/wordpress\/wp-content\/uploads\/2020\/01\/Affiche-Voeux-1086x1536.jpg 1086w, https:\/\/latroupedepoche.fr\/wordpress\/wp-content\/uploads\/2020\/01\/Affiche-Voeux.jpg 1263w\" sizes=\"auto, (max-width: 724px) 100vw, 724px\" \/><\/figure>\n\n\n\n<ul class=\"wp-block-list\">\n<li>St Gervais la For\u00eat (41)<\/li>\n\n\n\n<li>Carroir de La chauss\u00e9e St Victor (41)<\/li>\n\n\n\n<li>Th\u00e9\u00e2tre Nicolas Peskine&nbsp; &#8211;&nbsp; Blois<\/li>\n<\/ul>\n\n\n\n<h2 class=\"wp-block-heading\"><strong>\u00ab\u00a0Un Petit Jeu Sans Cons\u00e9quence\u00a0\u00bb<\/strong><\/h2>\n\n\n\n<figure class=\"wp-block-image size-full is-resized\"><img loading=\"lazy\" decoding=\"async\" width=\"413\" height=\"585\" src=\"https:\/\/latroupedepoche.fr\/wordpress\/wp-content\/uploads\/2018\/02\/affiche-a5-pour-web.jpg\" alt=\"\" class=\"wp-image-624\" style=\"width:229px;height:324px\" srcset=\"https:\/\/latroupedepoche.fr\/wordpress\/wp-content\/uploads\/2018\/02\/affiche-a5-pour-web.jpg 413w, https:\/\/latroupedepoche.fr\/wordpress\/wp-content\/uploads\/2018\/02\/affiche-a5-pour-web-212x300.jpg 212w\" sizes=\"auto, (max-width: 413px) 100vw, 413px\" \/><\/figure>\n\n\n\n<ul class=\"wp-block-list\">\n<li>St Gervais la For\u00eat (41)<\/li>\n\n\n\n<li>Th\u00e9\u00e2tre Monsabr\u00e9 Blois<\/li>\n\n\n\n<li>th\u00e9\u00e2tre Nicolas Peskine &#8211; Blois<\/li>\n\n\n\n<li>Carroir de La chauss\u00e9e St Victor (41)<\/li>\n\n\n\n<li>ALCV Salle Beauce &#8211; Blois<\/li>\n<\/ul>\n\n\n\n<h2 class=\"wp-block-heading\"><strong>\u00ab\u00a0Un Air de Famille\u00a0\u00bb<\/strong><\/h2>\n\n\n\n<figure class=\"wp-block-image size-large is-resized\"><img loading=\"lazy\" decoding=\"async\" width=\"707\" height=\"1024\" src=\"https:\/\/latroupedepoche.fr\/wordpress\/wp-content\/uploads\/2015\/09\/affiche-6-web-707x1024.jpg\" alt=\"\" class=\"wp-image-549\" style=\"width:229px;height:332px\" srcset=\"https:\/\/latroupedepoche.fr\/wordpress\/wp-content\/uploads\/2015\/09\/affiche-6-web-707x1024.jpg 707w, https:\/\/latroupedepoche.fr\/wordpress\/wp-content\/uploads\/2015\/09\/affiche-6-web-207x300.jpg 207w, https:\/\/latroupedepoche.fr\/wordpress\/wp-content\/uploads\/2015\/09\/affiche-6-web-768x1112.jpg 768w\" sizes=\"auto, (max-width: 707px) 100vw, 707px\" \/><\/figure>\n\n\n\n<ul class=\"wp-block-list\">\n<li>St Gervais la For\u00eat (41)<\/li>\n\n\n\n<li>St Laurent Nouan (41)<\/li>\n\n\n\n<li>La Chauss\u00e9e St Victor (41) le CARROIR<\/li>\n\n\n\n<li>Huisseau sur Cosson (41)<\/li>\n\n\n\n<li>Mer (41)<\/li>\n\n\n\n<li>Vineuil (41)<\/li>\n\n\n\n<li>Onzain (41)<\/li>\n\n\n\n<li>Th\u00e9\u00e2tre Nicolas Peskine&nbsp; Blois (41)<\/li>\n\n\n\n<li>La Ville aux Dames (37)<\/li>\n<\/ul>\n\n\n\n<h2 class=\"wp-block-heading\">\u00ab\u00a0<strong>Batailles<\/strong>\u00ab\u00a0<\/h2>\n\n\n\n<figure class=\"wp-block-image size-full is-resized\"><img loading=\"lazy\" decoding=\"async\" width=\"709\" height=\"1003\" src=\"https:\/\/latroupedepoche.fr\/wordpress\/wp-content\/uploads\/2015\/09\/Affiche-Batailles-web.jpg\" alt=\"\" class=\"wp-image-558\" style=\"width:238px;height:335px\" srcset=\"https:\/\/latroupedepoche.fr\/wordpress\/wp-content\/uploads\/2015\/09\/Affiche-Batailles-web.jpg 709w, https:\/\/latroupedepoche.fr\/wordpress\/wp-content\/uploads\/2015\/09\/Affiche-Batailles-web-212x300.jpg 212w\" sizes=\"auto, (max-width: 709px) 100vw, 709px\" \/><\/figure>\n\n\n\n<ul class=\"wp-block-list\">\n<li>Lyc\u00e9e Augustin Thierry (41)<\/li>\n\n\n\n<li>Blois (41)<\/li>\n\n\n\n<li>Montlivault (41)<\/li>\n\n\n\n<li>La Ville aux Dames (37)<\/li>\n\n\n\n<li>Landes le Gaulois (41)<\/li>\n\n\n\n<li><span style=\"color: #000000;\">St Gervais la For\u00eat (41)<\/span><\/li>\n\n\n\n<li><span style=\"color: #000000;\">Onzain (41)<\/span><\/li>\n\n\n\n<li><span style=\"color: #000000;\">ALCV&nbsp; Blois (41)<\/span><\/li>\n\n\n\n<li>St Laurent Nouans (41)<\/li>\n\n\n\n<li>Th\u00e9\u00e2tre Nicolas Peskine&nbsp; Blois (41)<\/li>\n<\/ul>\n\n\n\n<h2 class=\"wp-block-heading\"><strong>\u00ab\u00a0l&rsquo;Ours\u00a0\u00bb et \u00ab\u00a0Une Demande en Mariage&nbsp;&nbsp; <\/strong><br><strong>de&nbsp; Anton Tch\u00e9khov<\/strong><\/h2>\n\n\n\n<figure class=\"wp-block-image size-large is-resized\"><img loading=\"lazy\" decoding=\"async\" width=\"724\" height=\"1024\" src=\"https:\/\/latroupedepoche.fr\/wordpress\/wp-content\/uploads\/2012\/05\/Final3-724x1024.jpg\" alt=\"\" class=\"wp-image-338\" style=\"width:240px;height:338px\" srcset=\"https:\/\/latroupedepoche.fr\/wordpress\/wp-content\/uploads\/2012\/05\/Final3-724x1024.jpg 724w, https:\/\/latroupedepoche.fr\/wordpress\/wp-content\/uploads\/2012\/05\/Final3-212x300.jpg 212w, https:\/\/latroupedepoche.fr\/wordpress\/wp-content\/uploads\/2012\/05\/Final3.jpg 1191w\" sizes=\"auto, (max-width: 724px) 100vw, 724px\" \/><\/figure>\n\n\n\n<ul class=\"wp-block-list\">\n<li>Th\u00e9\u00e2tre Nicolas Peskine (Blois) 2 repr\u00e9sentations<\/li>\n\n\n\n<li>Th\u00e9\u00e2tre Monsabr\u00e9 (Blois)<\/li>\n\n\n\n<li>Salle J Claude Deret (St Gervais la For\u00eat)<\/li>\n\n\n\n<li>Lyc\u00e9e Augustin Thierry (repr\u00e9sentation priv\u00e9e)<\/li>\n\n\n\n<li>Montlivault (41)<\/li>\n\n\n\n<li>Nouans sur Loire (41)<\/li>\n\n\n\n<li> <span style=\"color: #333333;\">St Claude de Diray (41)<\/span> <\/li>\n\n\n\n<li> <span style=\"color: #333333;\">la Chauss\u00e9e St Victor (41)<\/span> <\/li>\n<\/ul>\n\n\n\n<h2 class=\"wp-block-heading\"><strong>\u00ab\u00a0Nature et D\u00e9passement\u00a0\u00bb <\/strong><br><strong>de Jo\u00eblle S\u00e9ranne et Olivier Dutaillis<\/strong><\/h2>\n\n\n\n<figure class=\"wp-block-image size-large is-resized\"><img loading=\"lazy\" decoding=\"async\" width=\"723\" height=\"1024\" src=\"https:\/\/latroupedepoche.fr\/wordpress\/wp-content\/uploads\/2012\/02\/afficheWeb-723x1024.jpg\" alt=\"Nature et D\u00e9passement\" class=\"wp-image-119\" style=\"width:234px;height:331px\" srcset=\"https:\/\/latroupedepoche.fr\/wordpress\/wp-content\/uploads\/2012\/02\/afficheWeb-723x1024.jpg 723w, https:\/\/latroupedepoche.fr\/wordpress\/wp-content\/uploads\/2012\/02\/afficheWeb-212x300.jpg 212w\" sizes=\"auto, (max-width: 723px) 100vw, 723px\" \/><\/figure>\n\n\n\n<ul class=\"wp-block-list\">\n<li>Th\u00e9\u00e2tre Nicolas Peskine (Blois) 2 repr\u00e9sentations<\/li>\n\n\n\n<li>St Claude de Diray (41) 2 repr\u00e9sentations<\/li>\n\n\n\n<li>St Gervais la For\u00eat (41)<\/li>\n\n\n\n<li>Lyc\u00e9es (41) 2 repr\u00e9sentations<\/li>\n\n\n\n<li>ALEP salle Quini\u00e8re&nbsp; Blois (41)<\/li>\n\n\n\n<li>La Ville au Dames (37)<\/li>\n\n\n\n<li>Annecy (74) Festival des Escholiers<\/li>\n\n\n\n<li>St Dizier (52) festival Mai-Sc\u00e8nes<\/li>\n<\/ul>\n","protected":false},"excerpt":{"rendered":"<p>\u00ab\u00a0Bienvenue au Bel Automne\u00a0\u00bb \u00ab\u00a0Cuisine et D\u00e9pendances\u00a0\u00bb \u00ab\u00a0Au Bon Vivant\u00a0\u00bb \u00ab\u00a0Les amis du Placard\u00a0\u00bb \u00ab\u00a0Un Petit Jeu Sans Cons\u00e9quence\u00a0\u00bb \u00ab\u00a0Un Air de Famille\u00a0\u00bb \u00ab\u00a0Batailles\u00ab\u00a0 \u00ab\u00a0l&rsquo;Ours\u00a0\u00bb et \u00ab\u00a0Une Demande en Mariage&nbsp;&nbsp; de&nbsp; Anton Tch\u00e9khov \u00ab\u00a0Nature et D\u00e9passement\u00a0\u00bb de Jo\u00eblle S\u00e9ranne et Olivier Dutaillis<\/p>\n","protected":false},"author":1,"featured_media":0,"parent":263,"menu_order":1,"comment_status":"closed","ping_status":"closed","template":"","meta":{"footnotes":""},"class_list":["post-183","page","type-page","status-publish","hentry","nodate","item-wrap"],"_links":{"self":[{"href":"https:\/\/latroupedepoche.fr\/index.php?rest_route=\/wp\/v2\/pages\/183","targetHints":{"allow":["GET"]}}],"collection":[{"href":"https:\/\/latroupedepoche.fr\/index.php?rest_route=\/wp\/v2\/pages"}],"about":[{"href":"https:\/\/latroupedepoche.fr\/index.php?rest_route=\/wp\/v2\/types\/page"}],"author":[{"embeddable":true,"href":"https:\/\/latroupedepoche.fr\/index.php?rest_route=\/wp\/v2\/users\/1"}],"replies":[{"embeddable":true,"href":"https:\/\/latroupedepoche.fr\/index.php?rest_route=%2Fwp%2Fv2%2Fcomments&post=183"}],"version-history":[{"count":56,"href":"https:\/\/latroupedepoche.fr\/index.php?rest_route=\/wp\/v2\/pages\/183\/revisions"}],"predecessor-version":[{"id":843,"href":"https:\/\/latroupedepoche.fr\/index.php?rest_route=\/wp\/v2\/pages\/183\/revisions\/843"}],"up":[{"embeddable":true,"href":"https:\/\/latroupedepoche.fr\/index.php?rest_route=\/wp\/v2\/pages\/263"}],"wp:attachment":[{"href":"https:\/\/latroupedepoche.fr\/index.php?rest_route=%2Fwp%2Fv2%2Fmedia&parent=183"}],"curies":[{"name":"wp","href":"https:\/\/api.w.org\/{rel}","templated":true}]}}